{"id":6,"date":"2013-02-14T09:28:39","date_gmt":"2013-02-14T07:28:39","guid":{"rendered":"http:\/\/ilsalotto.eu\/wp\/?page_id=6"},"modified":"2024-05-09T10:46:43","modified_gmt":"2024-05-09T08:46:43","slug":"il-salotto","status":"publish","type":"page","link":"https:\/\/ilsalotto.eu\/wp\/?page_id=6","title":{"rendered":"Il Salotto"},"content":{"rendered":"\t\t<div data-elementor-type=\"wp-page\" data-elementor-id=\"6\" class=\"elementor elementor-6\">\n\t\t\t\t\t\t<section class=\"elementor-section elementor-top-section elementor-element elementor-element-71c0e017 elementor-section-boxed elementor-section-height-default elementor-section-height-default\" data-id=\"71c0e017\" data-element_type=\"section\" data-e-type=\"section\">\n\t\t\t\t\t\t<div class=\"elementor-container elementor-column-gap-default\">\n\t\t\t\t\t<div class=\"elementor-column elementor-col-100 elementor-top-column elementor-element elementor-element-36cde121\" data-id=\"36cde121\" data-element_type=\"column\" data-e-type=\"column\">\n\t\t\t<div class=\"elementor-widget-wrap elementor-element-populated\">\n\t\t\t\t\t\t<div class=\"elementor-element elementor-element-e63d4a5 elementor-widget elementor-widget-text-editor\" data-id=\"e63d4a5\" data-element_type=\"widget\" data-e-type=\"widget\" data-widget_type=\"text-editor.default\">\n\t\t\t\t<div class=\"elementor-widget-container\">\n\t\t\t\t\t\t\t\t\t<p>Il Salotto ist ein interkultureller Club, der im Juni 2006 in N\u00fcrnberg von einer Gruppe deutsch-italienischer Enthusiasten ins Leben gerufen wurde. Der Hauptzweck des Clubs ist es, eine Br\u00fccke f\u00fcr den Austausch zwischen Italien und Deutschland zu bilden, indem eine Plattform f\u00fcr Dialog und Vernetzung bereitgestellt wird.<\/p><p>Die Hauptziele von Il Salotto umfassen:<\/p><ol><li>Die Erm\u00f6glichung direkter Einblicke und Zug\u00e4nge zu den wirtschaftlichen sowie kulturellen Besonderheiten Italiens.<\/li><li>Die F\u00f6rderung und Ausweitung des Netzwerks zwischen in Deutschland lebenden Italienern und Deutschen, die ein starkes Interesse an italienischen Themen haben.<\/li><li>Die Belebung und Vertiefung der Kenntnisse der italienischen Sprache unter den Mitgliedern.<\/li><\/ol><p>Die Mitglieder, die sich &#8222;Salottieri&#8220; nennen, kommen aus einer breiten Palette beruflicher Felder, darunter Wirtschaft, Rechtswesen, Kultur, Medien, Bildung, Handel, Gesundheitswesen, Wissenschaft und Politik. Diese Vielfalt f\u00f6rdert einen reichen Austausch von Perspektiven und Erfahrungen, was die Attraktivit\u00e4t des Clubs weiter steigert.<\/p><p>Il Salotto organisiert regelm\u00e4\u00dfige Treffen, die einmal monatlich stattfinden, wo Mitglieder zusammenkommen, um an verschiedenen Veranstaltungen teilzunehmen. Diese Events sind sorgf\u00e4ltig geplant, um die Interaktion und das Verst\u00e4ndnis zwischen den Kulturen zu f\u00f6rdern und reichen von Diskussionsrunden und Workshops bis hin zu kulturellen Veranstaltungen und Netzwerkabenden. Dadurch wird Il Salotto zu einem lebendigen Zentrum des Austauschs und der Kulturpflege.<\/p>\t\t\t\t\t\t\t\t<\/div>\n\t\t\t\t<\/div>\n\t\t\t\t\t<\/div>\n\t\t<\/div>\n\t\t\t\t\t<\/div>\n\t\t<\/section>\n\t\t\t\t<section class=\"elementor-section elementor-top-section elementor-element elementor-element-a577bbb elementor-section-boxed elementor-section-height-default elementor-section-height-default\" data-id=\"a577bbb\" data-element_type=\"section\" data-e-type=\"section\">\n\t\t\t\t\t\t<div class=\"elementor-container elementor-column-gap-default\">\n\t\t\t\t\t<div class=\"elementor-column elementor-col-25 elementor-top-column elementor-element elementor-element-db0c735\" data-id=\"db0c735\" data-element_type=\"column\" data-e-type=\"column\">\n\t\t\t<div class=\"elementor-widget-wrap\">\n\t\t\t\t\t\t\t<\/div>\n\t\t<\/div>\n\t\t\t\t<div class=\"elementor-column elementor-col-25 elementor-top-column elementor-element elementor-element-084d36f\" data-id=\"084d36f\" data-element_type=\"column\" data-e-type=\"column\">\n\t\t\t<div class=\"elementor-widget-wrap elementor-element-populated\">\n\t\t\t\t\t\t<div class=\"elementor-element elementor-element-50efce8 elementor-align-center elementor-widget elementor-widget-button\" data-id=\"50efce8\" data-element_type=\"widget\" data-e-type=\"widget\" data-widget_type=\"button.default\">\n\t\t\t\t<div class=\"elementor-widget-container\">\n\t\t\t\t\t\t\t\t\t<div class=\"elementor-button-wrapper\">\n\t\t\t\t\t<a class=\"elementor-button elementor-button-link elementor-size-sm\" href=\"https:\/\/ilsalotto.eu\/wp\/wp-content\/uploads\/2013\/02\/Aufnahmeantrag-modulo-adesione.pdf\">\n\t\t\t\t\t\t<span class=\"elementor-button-content-wrapper\">\n\t\t\t\t\t\t\t\t\t<span class=\"elementor-button-text\">Aufnahmeantrag<\/span>\n\t\t\t\t\t<\/span>\n\t\t\t\t\t<\/a>\n\t\t\t\t<\/div>\n\t\t\t\t\t\t\t\t<\/div>\n\t\t\t\t<\/div>\n\t\t\t\t\t<\/div>\n\t\t<\/div>\n\t\t\t\t<div class=\"elementor-column elementor-col-25 elementor-top-column elementor-element elementor-element-9b92e57\" data-id=\"9b92e57\" data-element_type=\"column\" data-e-type=\"column\">\n\t\t\t<div class=\"elementor-widget-wrap elementor-element-populated\">\n\t\t\t\t\t\t<div class=\"elementor-element elementor-element-b4dd1d1 elementor-align-center elementor-widget elementor-widget-button\" data-id=\"b4dd1d1\" data-element_type=\"widget\" data-e-type=\"widget\" data-widget_type=\"button.default\">\n\t\t\t\t<div class=\"elementor-widget-container\">\n\t\t\t\t\t\t\t\t\t<div class=\"elementor-button-wrapper\">\n\t\t\t\t\t<a class=\"elementor-button elementor-button-link elementor-size-sm\" href=\"https:\/\/ilsalotto.eu\/wp\/wp-content\/uploads\/2013\/02\/aktuelle-Satzung-07.02.08.pdf\">\n\t\t\t\t\t\t<span class=\"elementor-button-content-wrapper\">\n\t\t\t\t\t\t\t\t\t<span class=\"elementor-button-text\">Vereinssatzung<\/span>\n\t\t\t\t\t<\/span>\n\t\t\t\t\t<\/a>\n\t\t\t\t<\/div>\n\t\t\t\t\t\t\t\t<\/div>\n\t\t\t\t<\/div>\n\t\t\t\t\t<\/div>\n\t\t<\/div>\n\t\t\t\t<div class=\"elementor-column elementor-col-25 elementor-top-column elementor-element elementor-element-e037b26\" data-id=\"e037b26\" data-element_type=\"column\" data-e-type=\"column\">\n\t\t\t<div class=\"elementor-widget-wrap\">\n\t\t\t\t\t\t\t<\/div>\n\t\t<\/div>\n\t\t\t\t\t<\/div>\n\t\t<\/section>\n\t\t\t\t<\/div>\n\t\t","protected":false},"excerpt":{"rendered":"<p>Il Salotto ist ein interkultureller Club, der im Juni 2006 in N\u00fcrnberg von einer Gruppe deutsch-italienischer Enthusiasten ins Leben gerufen wurde. Der Hauptzweck des Clubs ist es, eine Br\u00fccke f\u00fcr den Austausch zwischen Italien und Deutschland zu bilden, indem eine Plattform f\u00fcr Dialog und Vernetzung bereitgestellt wird. Die Hauptziele von Il Salotto umfassen: Die Erm\u00f6glichung [&hellip;]<\/p>\n","protected":false},"author":1,"featured_media":0,"parent":0,"menu_order":0,"comment_status":"closed","ping_status":"closed","template":"","meta":{"site-sidebar-layout":"default","site-content-layout":"","ast-site-content-layout":"default","site-content-style":"default","site-sidebar-style":"default","ast-global-header-display":"","ast-banner-title-visibility":"","ast-main-header-display":"","ast-hfb-above-header-display":"","ast-hfb-below-header-display":"","ast-hfb-mobile-header-display":"","site-post-title":"","ast-breadcrumbs-content":"","ast-featured-img":"","footer-sml-layout":"","theme-transparent-header-meta":"default","adv-header-id-meta":"","stick-header-meta":"","header-above-stick-meta":"","header-main-stick-meta":"","header-below-stick-meta":"","astra-migrate-meta-layouts":"set","ast-page-background-enabled":"default","ast-page-background-meta":{"desktop":{"background-color":"var(--ast-global-color-4)","background-image":"","background-repeat":"repeat","background-position":"center center","background-size":"auto","background-attachment":"scroll","background-type":"","background-media":"","overlay-type":"","overlay-color":"","overlay-opacity":"","overlay-gradient":""},"tablet":{"background-color":"","background-image":"","background-repeat":"repeat","background-position":"center center","background-size":"auto","background-attachment":"scroll","background-type":"","background-media":"","overlay-type":"","overlay-color":"","overlay-opacity":"","overlay-gradient":""},"mobile":{"background-color":"","background-image":"","background-repeat":"repeat","background-position":"center center","background-size":"auto","background-attachment":"scroll","background-type":"","background-media":"","overlay-type":"","overlay-color":"","overlay-opacity":"","overlay-gradient":""}},"ast-content-background-meta":{"desktop":{"background-color":"var(--ast-global-color-5)","background-image":"","background-repeat":"repeat","background-position":"center center","background-size":"auto","background-attachment":"scroll","background-type":"","background-media":"","overlay-type":"","overlay-color":"","overlay-opacity":"","overlay-gradient":""},"tablet":{"background-color":"var(--ast-global-color-5)","background-image":"","background-repeat":"repeat","background-position":"center center","background-size":"auto","background-attachment":"scroll","background-type":"","background-media":"","overlay-type":"","overlay-color":"","overlay-opacity":"","overlay-gradient":""},"mobile":{"background-color":"var(--ast-global-color-5)","background-image":"","background-repeat":"repeat","background-position":"center center","background-size":"auto","background-attachment":"scroll","background-type":"","background-media":"","overlay-type":"","overlay-color":"","overlay-opacity":"","overlay-gradient":""}},"footnotes":""},"class_list":["post-6","page","type-page","status-publish","hentry"],"_links":{"self":[{"href":"https:\/\/ilsalotto.eu\/wp\/index.php?rest_route=\/wp\/v2\/pages\/6","targetHints":{"allow":["GET"]}}],"collection":[{"href":"https:\/\/ilsalotto.eu\/wp\/index.php?rest_route=\/wp\/v2\/pages"}],"about":[{"href":"https:\/\/ilsalotto.eu\/wp\/index.php?rest_route=\/wp\/v2\/types\/page"}],"author":[{"embeddable":true,"href":"https:\/\/ilsalotto.eu\/wp\/index.php?rest_route=\/wp\/v2\/users\/1"}],"replies":[{"embeddable":true,"href":"https:\/\/ilsalotto.eu\/wp\/index.php?rest_route=%2Fwp%2Fv2%2Fcomments&post=6"}],"version-history":[{"count":14,"href":"https:\/\/ilsalotto.eu\/wp\/index.php?rest_route=\/wp\/v2\/pages\/6\/revisions"}],"predecessor-version":[{"id":1373,"href":"https:\/\/ilsalotto.eu\/wp\/index.php?rest_route=\/wp\/v2\/pages\/6\/revisions\/1373"}],"wp:attachment":[{"href":"https:\/\/ilsalotto.eu\/wp\/index.php?rest_route=%2Fwp%2Fv2%2Fmedia&parent=6"}],"curies":[{"name":"wp","href":"https:\/\/api.w.org\/{rel}","templated":true}]}}