{"id":478,"date":"2016-01-28T07:58:02","date_gmt":"2016-01-28T06:58:02","guid":{"rendered":"http:\/\/ilsalotto.eu\/wp\/?page_id=478"},"modified":"2016-08-07T09:24:44","modified_gmt":"2016-08-07T07:24:44","slug":"salottello-arte-bruno-da-todi","status":"publish","type":"page","link":"https:\/\/ilsalotto.eu\/wp\/?page_id=478","title":{"rendered":"Salottello-Arte &#8211; bruno da Todi"},"content":{"rendered":"<p>Die Kunst verbindet und hilft den Menschen, besser zu verstehen, wer sie sind:<br \/>\nDas ist die Botschaft vom K\u00fcnstler bruno da Todi.<\/p>\n<p>Salottieri und Amici vom il Salotto trafen sich heute in seinem Atelier in N\u00fcrnberg bei der Salottello-Arte.<br \/>\nMehr Informationen \u00fcber den italienischen K\u00fcnstler: <a href=\"http:\/\/www.brunodatodi.de\/\" target=\"_blank\" rel=\"nofollow\">http:\/\/www.brunodatodi.de\/<\/a><\/p>\n<div id=\"envira-gallery-wrap-478\" class=\"envira-gallery-wrap envira-gallery-theme-base envira-lightbox-theme-base\" itemscope itemtype=\"https:\/\/schema.org\/ImageGallery\"><div data-row-height=\"\" data-gallery-theme=\"\" id=\"envira-gallery-478\" class=\"envira-gallery-public  envira-gallery-4-columns envira-clear enviratope envira-gallery-css-animations\" data-envira-columns=\"4\"><div id=\"envira-gallery-item-479\" class=\"envira-gallery-item enviratope-item envira-gallery-item-1\" style=\"padding-left: 5px; padding-bottom: 10px; padding-right: 5px;\"  itemscope itemtype=\"https:\/\/schema.org\/ImageObject\"><div class=\"envira-gallery-item-inner\"><div class=\"envira-gallery-position-overlay  envira-gallery-top-left\"><\/div><div class=\"envira-gallery-position-overlay  envira-gallery-top-right\"><\/div><div class=\"envira-gallery-position-overlay  envira-gallery-bottom-left\"><\/div><div class=\"envira-gallery-position-overlay  envira-gallery-bottom-right\"><\/div><a href=\"http:\/\/ilsalotto.eu\/wp\/wp-content\/uploads\/2016\/01\/149228_507103326128296_8507197945337352085_n.jpg\" class=\"envira-gallery-478 envira-gallery-link\" rel=\"enviragallery478\" title=\"149228_507103326128296_8507197945337352085_n\" data-envira-caption=\"149228_507103326128296_8507197945337352085_n\" data-envira-retina=\"\" data-thumbnail=\"\"  itemprop=\"contentUrl\"><div class=\"envira-lazy\" data-test-width=\"960\" data-test-height=\"300\" style=\"padding-bottom:31.25%;\"><img decoding=\"async\" id=\"envira-gallery-image-479\" class=\"envira-gallery-image envira-gallery-image-1\" data-envira-index=\"1\" src=\"https:\/\/ilsalotto.eu\/wp\/wp-content\/uploads\/2016\/01\/149228_507103326128296_8507197945337352085_n-960x300.jpg\" data-envira-src=\"https:\/\/ilsalotto.eu\/wp\/wp-content\/uploads\/2016\/01\/149228_507103326128296_8507197945337352085_n-960x300.jpg\" data-envira-gallery-id=\"478\" data-envira-item-id=\"479\" data-envira-caption=\"149228_507103326128296_8507197945337352085_n\" alt=\"\" title=\"149228_507103326128296_8507197945337352085_n\"  itemprop=\"thumbnailUrl\" data-envira-srcset=\"https:\/\/ilsalotto.eu\/wp\/wp-content\/uploads\/2016\/01\/149228_507103326128296_8507197945337352085_n-960x300.jpg 400w,https:\/\/ilsalotto.eu\/wp\/wp-content\/uploads\/2016\/01\/149228_507103326128296_8507197945337352085_n-960x300.jpg 2x\" srcset=\"data:image\/gif;base64,R0lGODlhAQABAIAAAP\/\/\/\/\/\/\/yH5BAEKAAEALAAAAAABAAEAAAICTAEAOw==\" \/><\/div><\/a><\/div><\/div><div id=\"envira-gallery-item-480\" class=\"envira-gallery-item enviratope-item envira-gallery-item-2\" style=\"padding-left: 5px; padding-bottom: 10px; padding-right: 5px;\"  itemscope itemtype=\"https:\/\/schema.org\/ImageObject\"><div class=\"envira-gallery-item-inner\"><div class=\"envira-gallery-position-overlay  envira-gallery-top-left\"><\/div><div class=\"envira-gallery-position-overlay  envira-gallery-top-right\"><\/div><div class=\"envira-gallery-position-overlay  envira-gallery-bottom-left\"><\/div><div class=\"envira-gallery-position-overlay  envira-gallery-bottom-right\"><\/div><a href=\"http:\/\/ilsalotto.eu\/wp\/wp-content\/uploads\/2016\/01\/12509637_507103562794939_8327243544843221558_n.jpg\" class=\"envira-gallery-478 envira-gallery-link\" rel=\"enviragallery478\" title=\"12509637_507103562794939_8327243544843221558_n\" data-envira-caption=\"12509637_507103562794939_8327243544843221558_n\" data-envira-retina=\"\" data-thumbnail=\"\"  itemprop=\"contentUrl\"><div class=\"envira-lazy\" data-test-width=\"960\" data-test-height=\"300\" style=\"padding-bottom:31.25%;\"><img decoding=\"async\" id=\"envira-gallery-image-480\" class=\"envira-gallery-image envira-gallery-image-2\" data-envira-index=\"2\" src=\"https:\/\/ilsalotto.eu\/wp\/wp-content\/uploads\/2016\/01\/12509637_507103562794939_8327243544843221558_n-960x300.jpg\" data-envira-src=\"https:\/\/ilsalotto.eu\/wp\/wp-content\/uploads\/2016\/01\/12509637_507103562794939_8327243544843221558_n-960x300.jpg\" data-envira-gallery-id=\"478\" data-envira-item-id=\"480\" data-envira-caption=\"12509637_507103562794939_8327243544843221558_n\" alt=\"\" title=\"12509637_507103562794939_8327243544843221558_n\"  itemprop=\"thumbnailUrl\" data-envira-srcset=\"https:\/\/ilsalotto.eu\/wp\/wp-content\/uploads\/2016\/01\/12509637_507103562794939_8327243544843221558_n-960x300.jpg 400w,https:\/\/ilsalotto.eu\/wp\/wp-content\/uploads\/2016\/01\/12509637_507103562794939_8327243544843221558_n-960x300.jpg 2x\" srcset=\"data:image\/gif;base64,R0lGODlhAQABAIAAAP\/\/\/\/\/\/\/yH5BAEKAAEALAAAAAABAAEAAAICTAEAOw==\" \/><\/div><\/a><\/div><\/div><div id=\"envira-gallery-item-481\" class=\"envira-gallery-item enviratope-item envira-gallery-item-3\" style=\"padding-left: 5px; padding-bottom: 10px; padding-right: 5px;\"  itemscope itemtype=\"https:\/\/schema.org\/ImageObject\"><div class=\"envira-gallery-item-inner\"><div class=\"envira-gallery-position-overlay  envira-gallery-top-left\"><\/div><div class=\"envira-gallery-position-overlay  envira-gallery-top-right\"><\/div><div class=\"envira-gallery-position-overlay  envira-gallery-bottom-left\"><\/div><div class=\"envira-gallery-position-overlay  envira-gallery-bottom-right\"><\/div><a href=\"http:\/\/ilsalotto.eu\/wp\/wp-content\/uploads\/2016\/01\/12524183_507103376128291_1552540693012274666_n.jpg\" class=\"envira-gallery-478 envira-gallery-link\" rel=\"enviragallery478\" title=\"12524183_507103376128291_1552540693012274666_n\" data-envira-caption=\"12524183_507103376128291_1552540693012274666_n\" data-envira-retina=\"\" data-thumbnail=\"\"  itemprop=\"contentUrl\"><div class=\"envira-lazy\" data-test-width=\"960\" data-test-height=\"300\" style=\"padding-bottom:31.25%;\"><img decoding=\"async\" id=\"envira-gallery-image-481\" class=\"envira-gallery-image envira-gallery-image-3\" data-envira-index=\"3\" src=\"https:\/\/ilsalotto.eu\/wp\/wp-content\/uploads\/2016\/01\/12524183_507103376128291_1552540693012274666_n-960x300.jpg\" data-envira-src=\"https:\/\/ilsalotto.eu\/wp\/wp-content\/uploads\/2016\/01\/12524183_507103376128291_1552540693012274666_n-960x300.jpg\" data-envira-gallery-id=\"478\" data-envira-item-id=\"481\" data-envira-caption=\"12524183_507103376128291_1552540693012274666_n\" alt=\"\" title=\"12524183_507103376128291_1552540693012274666_n\"  itemprop=\"thumbnailUrl\" data-envira-srcset=\"https:\/\/ilsalotto.eu\/wp\/wp-content\/uploads\/2016\/01\/12524183_507103376128291_1552540693012274666_n-960x300.jpg 400w,https:\/\/ilsalotto.eu\/wp\/wp-content\/uploads\/2016\/01\/12524183_507103376128291_1552540693012274666_n-960x300.jpg 2x\" srcset=\"data:image\/gif;base64,R0lGODlhAQABAIAAAP\/\/\/\/\/\/\/yH5BAEKAAEALAAAAAABAAEAAAICTAEAOw==\" \/><\/div><\/a><\/div><\/div><div id=\"envira-gallery-item-482\" class=\"envira-gallery-item enviratope-item envira-gallery-item-4\" style=\"padding-left: 5px; padding-bottom: 10px; padding-right: 5px;\"  itemscope itemtype=\"https:\/\/schema.org\/ImageObject\"><div class=\"envira-gallery-item-inner\"><div class=\"envira-gallery-position-overlay  envira-gallery-top-left\"><\/div><div class=\"envira-gallery-position-overlay  envira-gallery-top-right\"><\/div><div class=\"envira-gallery-position-overlay  envira-gallery-bottom-left\"><\/div><div class=\"envira-gallery-position-overlay  envira-gallery-bottom-right\"><\/div><a href=\"http:\/\/ilsalotto.eu\/wp\/wp-content\/uploads\/2016\/01\/12553006_507103486128280_2266171279617292851_n.jpg\" class=\"envira-gallery-478 envira-gallery-link\" rel=\"enviragallery478\" title=\"12553006_507103486128280_2266171279617292851_n\" data-envira-caption=\"12553006_507103486128280_2266171279617292851_n\" data-envira-retina=\"\" data-thumbnail=\"\"  itemprop=\"contentUrl\"><div class=\"envira-lazy\" data-test-width=\"960\" data-test-height=\"300\" style=\"padding-bottom:31.25%;\"><img decoding=\"async\" id=\"envira-gallery-image-482\" class=\"envira-gallery-image envira-gallery-image-4\" data-envira-index=\"4\" src=\"https:\/\/ilsalotto.eu\/wp\/wp-content\/uploads\/2016\/01\/12553006_507103486128280_2266171279617292851_n-960x300.jpg\" data-envira-src=\"https:\/\/ilsalotto.eu\/wp\/wp-content\/uploads\/2016\/01\/12553006_507103486128280_2266171279617292851_n-960x300.jpg\" data-envira-gallery-id=\"478\" data-envira-item-id=\"482\" data-envira-caption=\"12553006_507103486128280_2266171279617292851_n\" alt=\"\" title=\"12553006_507103486128280_2266171279617292851_n\"  itemprop=\"thumbnailUrl\" data-envira-srcset=\"https:\/\/ilsalotto.eu\/wp\/wp-content\/uploads\/2016\/01\/12553006_507103486128280_2266171279617292851_n-960x300.jpg 400w,https:\/\/ilsalotto.eu\/wp\/wp-content\/uploads\/2016\/01\/12553006_507103486128280_2266171279617292851_n-960x300.jpg 2x\" srcset=\"data:image\/gif;base64,R0lGODlhAQABAIAAAP\/\/\/\/\/\/\/yH5BAEKAAEALAAAAAABAAEAAAICTAEAOw==\" \/><\/div><\/a><\/div><\/div><div id=\"envira-gallery-item-483\" class=\"envira-gallery-item enviratope-item envira-gallery-item-5\" style=\"padding-left: 5px; padding-bottom: 10px; padding-right: 5px;\"  itemscope itemtype=\"https:\/\/schema.org\/ImageObject\"><div class=\"envira-gallery-item-inner\"><div class=\"envira-gallery-position-overlay  envira-gallery-top-left\"><\/div><div class=\"envira-gallery-position-overlay  envira-gallery-top-right\"><\/div><div class=\"envira-gallery-position-overlay  envira-gallery-bottom-left\"><\/div><div class=\"envira-gallery-position-overlay  envira-gallery-bottom-right\"><\/div><a href=\"http:\/\/ilsalotto.eu\/wp\/wp-content\/uploads\/2016\/01\/12593487_507103442794951_1486544637897673375_o.jpg\" class=\"envira-gallery-478 envira-gallery-link\" rel=\"enviragallery478\" title=\"12593487_507103442794951_1486544637897673375_o\" data-envira-caption=\"12593487_507103442794951_1486544637897673375_o\" data-envira-retina=\"\" data-thumbnail=\"\"  itemprop=\"contentUrl\"><div class=\"envira-lazy\" data-test-width=\"960\" data-test-height=\"300\" style=\"padding-bottom:31.25%;\"><img decoding=\"async\" id=\"envira-gallery-image-483\" class=\"envira-gallery-image envira-gallery-image-5\" data-envira-index=\"5\" src=\"https:\/\/ilsalotto.eu\/wp\/wp-content\/uploads\/2016\/01\/12593487_507103442794951_1486544637897673375_o-1024x768-960x300.jpg\" data-envira-src=\"https:\/\/ilsalotto.eu\/wp\/wp-content\/uploads\/2016\/01\/12593487_507103442794951_1486544637897673375_o-1024x768-960x300.jpg\" data-envira-gallery-id=\"478\" data-envira-item-id=\"483\" data-envira-caption=\"12593487_507103442794951_1486544637897673375_o\" alt=\"\" title=\"12593487_507103442794951_1486544637897673375_o\"  itemprop=\"thumbnailUrl\" data-envira-srcset=\"https:\/\/ilsalotto.eu\/wp\/wp-content\/uploads\/2016\/01\/12593487_507103442794951_1486544637897673375_o-1024x768-960x300.jpg 400w,https:\/\/ilsalotto.eu\/wp\/wp-content\/uploads\/2016\/01\/12593487_507103442794951_1486544637897673375_o-1024x768-960x300.jpg 2x\" srcset=\"data:image\/gif;base64,R0lGODlhAQABAIAAAP\/\/\/\/\/\/\/yH5BAEKAAEALAAAAAABAAEAAAICTAEAOw==\" \/><\/div><\/a><\/div><\/div><div id=\"envira-gallery-item-484\" class=\"envira-gallery-item enviratope-item envira-gallery-item-6\" style=\"padding-left: 5px; padding-bottom: 10px; padding-right: 5px;\"  itemscope itemtype=\"https:\/\/schema.org\/ImageObject\"><div class=\"envira-gallery-item-inner\"><div class=\"envira-gallery-position-overlay  envira-gallery-top-left\"><\/div><div class=\"envira-gallery-position-overlay  envira-gallery-top-right\"><\/div><div class=\"envira-gallery-position-overlay  envira-gallery-bottom-left\"><\/div><div class=\"envira-gallery-position-overlay  envira-gallery-bottom-right\"><\/div><a href=\"http:\/\/ilsalotto.eu\/wp\/wp-content\/uploads\/2016\/01\/12644858_507103229461639_5203891653336358161_n.jpg\" class=\"envira-gallery-478 envira-gallery-link\" rel=\"enviragallery478\" title=\"12644858_507103229461639_5203891653336358161_n\" data-envira-caption=\"12644858_507103229461639_5203891653336358161_n\" data-envira-retina=\"\" data-thumbnail=\"\"  itemprop=\"contentUrl\"><div class=\"envira-lazy\" data-test-width=\"960\" data-test-height=\"300\" style=\"padding-bottom:31.25%;\"><img decoding=\"async\" id=\"envira-gallery-image-484\" class=\"envira-gallery-image envira-gallery-image-6\" data-envira-index=\"6\" src=\"https:\/\/ilsalotto.eu\/wp\/wp-content\/uploads\/2016\/01\/12644858_507103229461639_5203891653336358161_n-960x300.jpg\" data-envira-src=\"https:\/\/ilsalotto.eu\/wp\/wp-content\/uploads\/2016\/01\/12644858_507103229461639_5203891653336358161_n-960x300.jpg\" data-envira-gallery-id=\"478\" data-envira-item-id=\"484\" data-envira-caption=\"12644858_507103229461639_5203891653336358161_n\" alt=\"\" title=\"12644858_507103229461639_5203891653336358161_n\"  itemprop=\"thumbnailUrl\" data-envira-srcset=\"https:\/\/ilsalotto.eu\/wp\/wp-content\/uploads\/2016\/01\/12644858_507103229461639_5203891653336358161_n-960x300.jpg 400w,https:\/\/ilsalotto.eu\/wp\/wp-content\/uploads\/2016\/01\/12644858_507103229461639_5203891653336358161_n-960x300.jpg 2x\" srcset=\"data:image\/gif;base64,R0lGODlhAQABAIAAAP\/\/\/\/\/\/\/yH5BAEKAAEALAAAAAABAAEAAAICTAEAOw==\" \/><\/div><\/a><\/div><\/div><div id=\"envira-gallery-item-485\" class=\"envira-gallery-item enviratope-item envira-gallery-item-7\" style=\"padding-left: 5px; padding-bottom: 10px; padding-right: 5px;\"  itemscope itemtype=\"https:\/\/schema.org\/ImageObject\"><div class=\"envira-gallery-item-inner\"><div class=\"envira-gallery-position-overlay  envira-gallery-top-left\"><\/div><div class=\"envira-gallery-position-overlay  envira-gallery-top-right\"><\/div><div class=\"envira-gallery-position-overlay  envira-gallery-bottom-left\"><\/div><div class=\"envira-gallery-position-overlay  envira-gallery-bottom-right\"><\/div><a href=\"http:\/\/ilsalotto.eu\/wp\/wp-content\/uploads\/2016\/01\/12654395_507103472794948_4547717992785174968_n.jpg\" class=\"envira-gallery-478 envira-gallery-link\" rel=\"enviragallery478\" title=\"12654395_507103472794948_4547717992785174968_n\" data-envira-caption=\"12654395_507103472794948_4547717992785174968_n\" data-envira-retina=\"\" data-thumbnail=\"\"  itemprop=\"contentUrl\"><div class=\"envira-lazy\" data-test-width=\"960\" data-test-height=\"300\" style=\"padding-bottom:31.25%;\"><img decoding=\"async\" id=\"envira-gallery-image-485\" class=\"envira-gallery-image envira-gallery-image-7\" data-envira-index=\"7\" src=\"https:\/\/ilsalotto.eu\/wp\/wp-content\/uploads\/2016\/01\/12654395_507103472794948_4547717992785174968_n-960x300.jpg\" data-envira-src=\"https:\/\/ilsalotto.eu\/wp\/wp-content\/uploads\/2016\/01\/12654395_507103472794948_4547717992785174968_n-960x300.jpg\" data-envira-gallery-id=\"478\" data-envira-item-id=\"485\" data-envira-caption=\"12654395_507103472794948_4547717992785174968_n\" alt=\"\" title=\"12654395_507103472794948_4547717992785174968_n\"  itemprop=\"thumbnailUrl\" data-envira-srcset=\"https:\/\/ilsalotto.eu\/wp\/wp-content\/uploads\/2016\/01\/12654395_507103472794948_4547717992785174968_n-960x300.jpg 400w,https:\/\/ilsalotto.eu\/wp\/wp-content\/uploads\/2016\/01\/12654395_507103472794948_4547717992785174968_n-960x300.jpg 2x\" srcset=\"data:image\/gif;base64,R0lGODlhAQABAIAAAP\/\/\/\/\/\/\/yH5BAEKAAEALAAAAAABAAEAAAICTAEAOw==\" \/><\/div><\/a><\/div><\/div><div id=\"envira-gallery-item-486\" class=\"envira-gallery-item enviratope-item envira-gallery-item-8\" style=\"padding-left: 5px; padding-bottom: 10px; padding-right: 5px;\"  itemscope itemtype=\"https:\/\/schema.org\/ImageObject\"><div class=\"envira-gallery-item-inner\"><div class=\"envira-gallery-position-overlay  envira-gallery-top-left\"><\/div><div class=\"envira-gallery-position-overlay  envira-gallery-top-right\"><\/div><div class=\"envira-gallery-position-overlay  envira-gallery-bottom-left\"><\/div><div class=\"envira-gallery-position-overlay  envira-gallery-bottom-right\"><\/div><a href=\"http:\/\/ilsalotto.eu\/wp\/wp-content\/uploads\/2016\/01\/12654480_507103256128303_6288986898628509025_n.jpg\" class=\"envira-gallery-478 envira-gallery-link\" rel=\"enviragallery478\" title=\"12654480_507103256128303_6288986898628509025_n\" data-envira-caption=\"12654480_507103256128303_6288986898628509025_n\" data-envira-retina=\"\" data-thumbnail=\"\"  itemprop=\"contentUrl\"><div class=\"envira-lazy\" data-test-width=\"960\" data-test-height=\"300\" style=\"padding-bottom:31.25%;\"><img decoding=\"async\" id=\"envira-gallery-image-486\" class=\"envira-gallery-image envira-gallery-image-8\" data-envira-index=\"8\" src=\"https:\/\/ilsalotto.eu\/wp\/wp-content\/uploads\/2016\/01\/12654480_507103256128303_6288986898628509025_n-960x300.jpg\" data-envira-src=\"https:\/\/ilsalotto.eu\/wp\/wp-content\/uploads\/2016\/01\/12654480_507103256128303_6288986898628509025_n-960x300.jpg\" data-envira-gallery-id=\"478\" data-envira-item-id=\"486\" data-envira-caption=\"12654480_507103256128303_6288986898628509025_n\" alt=\"\" title=\"12654480_507103256128303_6288986898628509025_n\"  itemprop=\"thumbnailUrl\" data-envira-srcset=\"https:\/\/ilsalotto.eu\/wp\/wp-content\/uploads\/2016\/01\/12654480_507103256128303_6288986898628509025_n-960x300.jpg 400w,https:\/\/ilsalotto.eu\/wp\/wp-content\/uploads\/2016\/01\/12654480_507103256128303_6288986898628509025_n-960x300.jpg 2x\" srcset=\"data:image\/gif;base64,R0lGODlhAQABAIAAAP\/\/\/\/\/\/\/yH5BAEKAAEALAAAAAABAAEAAAICTAEAOw==\" \/><\/div><\/a><\/div><\/div><div id=\"envira-gallery-item-487\" class=\"envira-gallery-item enviratope-item envira-gallery-item-9\" style=\"padding-left: 5px; padding-bottom: 10px; padding-right: 5px;\"  itemscope itemtype=\"https:\/\/schema.org\/ImageObject\"><div class=\"envira-gallery-item-inner\"><div class=\"envira-gallery-position-overlay  envira-gallery-top-left\"><\/div><div class=\"envira-gallery-position-overlay  envira-gallery-top-right\"><\/div><div class=\"envira-gallery-position-overlay  envira-gallery-bottom-left\"><\/div><div class=\"envira-gallery-position-overlay  envira-gallery-bottom-right\"><\/div><a href=\"http:\/\/ilsalotto.eu\/wp\/wp-content\/uploads\/2016\/01\/12654490_507103396128289_9038661628664809581_n.jpg\" class=\"envira-gallery-478 envira-gallery-link\" rel=\"enviragallery478\" title=\"12654490_507103396128289_9038661628664809581_n\" data-envira-caption=\"12654490_507103396128289_9038661628664809581_n\" data-envira-retina=\"\" data-thumbnail=\"\"  itemprop=\"contentUrl\"><div class=\"envira-lazy\" data-test-width=\"960\" data-test-height=\"300\" style=\"padding-bottom:31.25%;\"><img decoding=\"async\" id=\"envira-gallery-image-487\" class=\"envira-gallery-image envira-gallery-image-9\" data-envira-index=\"9\" src=\"https:\/\/ilsalotto.eu\/wp\/wp-content\/uploads\/2016\/01\/12654490_507103396128289_9038661628664809581_n-960x300.jpg\" data-envira-src=\"https:\/\/ilsalotto.eu\/wp\/wp-content\/uploads\/2016\/01\/12654490_507103396128289_9038661628664809581_n-960x300.jpg\" data-envira-gallery-id=\"478\" data-envira-item-id=\"487\" data-envira-caption=\"12654490_507103396128289_9038661628664809581_n\" alt=\"\" title=\"12654490_507103396128289_9038661628664809581_n\"  itemprop=\"thumbnailUrl\" data-envira-srcset=\"https:\/\/ilsalotto.eu\/wp\/wp-content\/uploads\/2016\/01\/12654490_507103396128289_9038661628664809581_n-960x300.jpg 400w,https:\/\/ilsalotto.eu\/wp\/wp-content\/uploads\/2016\/01\/12654490_507103396128289_9038661628664809581_n-960x300.jpg 2x\" srcset=\"data:image\/gif;base64,R0lGODlhAQABAIAAAP\/\/\/\/\/\/\/yH5BAEKAAEALAAAAAABAAEAAAICTAEAOw==\" \/><\/div><\/a><\/div><\/div><\/div><\/div><noscript><img decoding=\"async\" src=\"https:\/\/ilsalotto.eu\/wp\/wp-content\/uploads\/2016\/01\/149228_507103326128296_8507197945337352085_n.jpg\" alt=\"\" \/><img decoding=\"async\" src=\"https:\/\/ilsalotto.eu\/wp\/wp-content\/uploads\/2016\/01\/12509637_507103562794939_8327243544843221558_n.jpg\" alt=\"\" \/><img decoding=\"async\" src=\"https:\/\/ilsalotto.eu\/wp\/wp-content\/uploads\/2016\/01\/12524183_507103376128291_1552540693012274666_n.jpg\" alt=\"\" \/><img decoding=\"async\" src=\"https:\/\/ilsalotto.eu\/wp\/wp-content\/uploads\/2016\/01\/12553006_507103486128280_2266171279617292851_n.jpg\" alt=\"\" \/><img decoding=\"async\" src=\"https:\/\/ilsalotto.eu\/wp\/wp-content\/uploads\/2016\/01\/12593487_507103442794951_1486544637897673375_o.jpg\" alt=\"\" \/><img decoding=\"async\" src=\"https:\/\/ilsalotto.eu\/wp\/wp-content\/uploads\/2016\/01\/12644858_507103229461639_5203891653336358161_n.jpg\" alt=\"\" \/><img decoding=\"async\" src=\"https:\/\/ilsalotto.eu\/wp\/wp-content\/uploads\/2016\/01\/12654395_507103472794948_4547717992785174968_n.jpg\" alt=\"\" \/><img decoding=\"async\" src=\"https:\/\/ilsalotto.eu\/wp\/wp-content\/uploads\/2016\/01\/12654480_507103256128303_6288986898628509025_n.jpg\" alt=\"\" \/><img decoding=\"async\" src=\"https:\/\/ilsalotto.eu\/wp\/wp-content\/uploads\/2016\/01\/12654490_507103396128289_9038661628664809581_n.jpg\" alt=\"\" \/><\/noscript>\n","protected":false},"excerpt":{"rendered":"<p>Die Kunst verbindet und hilft den Menschen, besser zu verstehen, wer sie sind: Das ist die Botschaft vom K\u00fcnstler bruno da Todi. Salottieri und Amici vom il Salotto trafen sich heute in seinem Atelier in N\u00fcrnberg bei der Salottello-Arte. Mehr Informationen \u00fcber den italienischen K\u00fcnstler: http:\/\/www.brunodatodi.de\/<\/p>\n","protected":false},"author":2,"featured_media":0,"parent":10,"menu_order":0,"comment_status":"closed","ping_status":"open","template":"","meta":{"site-sidebar-layout":"default","site-content-layout":"","ast-site-content-layout":"","site-content-style":"default","site-sidebar-style":"default","ast-global-header-display":"","ast-banner-title-visibility":"","ast-main-header-display":"","ast-hfb-above-header-display":"","ast-hfb-below-header-display":"","ast-hfb-mobile-header-display":"","site-post-title":"","ast-breadcrumbs-content":"","ast-featured-img":"","footer-sml-layout":"","theme-transparent-header-meta":"","adv-header-id-meta":"","stick-header-meta":"","header-above-stick-meta":"","header-main-stick-meta":"","header-below-stick-meta":"","astra-migrate-meta-layouts":"default","ast-page-background-enabled":"default","ast-page-background-meta":{"desktop":{"background-color":"var(--ast-global-color-4)","background-image":"","background-repeat":"repeat","background-position":"center center","background-size":"auto","background-attachment":"scroll","background-type":"","background-media":"","overlay-type":"","overlay-color":"","overlay-opacity":"","overlay-gradient":""},"tablet":{"background-color":"","background-image":"","background-repeat":"repeat","background-position":"center center","background-size":"auto","background-attachment":"scroll","background-type":"","background-media":"","overlay-type":"","overlay-color":"","overlay-opacity":"","overlay-gradient":""},"mobile":{"background-color":"","background-image":"","background-repeat":"repeat","background-position":"center center","background-size":"auto","background-attachment":"scroll","background-type":"","background-media":"","overlay-type":"","overlay-color":"","overlay-opacity":"","overlay-gradient":""}},"ast-content-background-meta":{"desktop":{"background-color":"var(--ast-global-color-5)","background-image":"","background-repeat":"repeat","background-position":"center center","background-size":"auto","background-attachment":"scroll","background-type":"","background-media":"","overlay-type":"","overlay-color":"","overlay-opacity":"","overlay-gradient":""},"tablet":{"background-color":"var(--ast-global-color-5)","background-image":"","background-repeat":"repeat","background-position":"center center","background-size":"auto","background-attachment":"scroll","background-type":"","background-media":"","overlay-type":"","overlay-color":"","overlay-opacity":"","overlay-gradient":""},"mobile":{"background-color":"var(--ast-global-color-5)","background-image":"","background-repeat":"repeat","background-position":"center center","background-size":"auto","background-attachment":"scroll","background-type":"","background-media":"","overlay-type":"","overlay-color":"","overlay-opacity":"","overlay-gradient":""}},"footnotes":""},"class_list":["post-478","page","type-page","status-publish","hentry"],"_links":{"self":[{"href":"https:\/\/ilsalotto.eu\/wp\/index.php?rest_route=\/wp\/v2\/pages\/478","targetHints":{"allow":["GET"]}}],"collection":[{"href":"https:\/\/ilsalotto.eu\/wp\/index.php?rest_route=\/wp\/v2\/pages"}],"about":[{"href":"https:\/\/ilsalotto.eu\/wp\/index.php?rest_route=\/wp\/v2\/types\/page"}],"author":[{"embeddable":true,"href":"https:\/\/ilsalotto.eu\/wp\/index.php?rest_route=\/wp\/v2\/users\/2"}],"replies":[{"embeddable":true,"href":"https:\/\/ilsalotto.eu\/wp\/index.php?rest_route=%2Fwp%2Fv2%2Fcomments&post=478"}],"version-history":[{"count":2,"href":"https:\/\/ilsalotto.eu\/wp\/index.php?rest_route=\/wp\/v2\/pages\/478\/revisions"}],"predecessor-version":[{"id":676,"href":"https:\/\/ilsalotto.eu\/wp\/index.php?rest_route=\/wp\/v2\/pages\/478\/revisions\/676"}],"up":[{"embeddable":true,"href":"https:\/\/ilsalotto.eu\/wp\/index.php?rest_route=\/wp\/v2\/pages\/10"}],"wp:attachment":[{"href":"https:\/\/ilsalotto.eu\/wp\/index.php?rest_route=%2Fwp%2Fv2%2Fmedia&parent=478"}],"curies":[{"name":"wp","href":"https:\/\/api.w.org\/{rel}","templated":true}]}}