{"id":15,"date":"2013-02-14T09:32:40","date_gmt":"2013-02-14T07:32:40","guid":{"rendered":"http:\/\/ilsalotto.eu\/wp\/?page_id=15"},"modified":"2024-05-10T11:47:53","modified_gmt":"2024-05-10T09:47:53","slug":"impressum","status":"publish","type":"page","link":"https:\/\/ilsalotto.eu\/wp\/?page_id=15","title":{"rendered":"Impressum"},"content":{"rendered":"<p>Verantwortlich:<br \/>\nIl Salotto e.V.<br \/>\nc\/o Dr KREUZER &amp; COLL Anwaltskanzlei<br \/>\nLorenzer Platz 3a<br \/>\n90402 N\u00fcrnberg<\/p>\n<p>Tel.: 09 11 &#8211; 20 22 0<br \/>\nFax: 09 11 &#8211; 20 22 101<\/p>\n<p>E-Mail: info@ilsalotto.eu<br \/>\nwww.ilsalotto.eu<\/p>\n<p>Vertretungsberechtigter Vorstand:<br \/>\nDott. Nicoletta De Rossi \u25cf RA Dr. G\u00fcnther Kreuzer \u25cf\u00a0 Maurizio Mancini<br \/>\n(Vorst\u00e4nde i.S.d. BGB)<br \/>\nRegistergericht: Amtsgericht N\u00fcrnberg<br \/>\nRegisternummer: VR 200133<br \/>\nInhaltlich Verantwortlicher gem\u00e4\u00df \u00a7 10 Absatz 3 MDStV: RA Dr. G\u00fcnther Kreuzer<br \/>\nBankverbindung:<br \/>\nKontonummer: 5815584<br \/>\nBLZ: 76050101<br \/>\nBank: Sparkasse N\u00fcrnberg<br \/>\nRedaktion: Dott. Nicoletta De Rossi<\/p>\n<p>Haftungshinweis:<br \/>\nTrotz sorgf\u00e4ltiger inhaltlicher Kontrolle \u00fcbernehmen wir keine Haftung f\u00fcr die Inhalte externer Links. F\u00fcr den Inhalt der verlinkten Seiten sind ausschlie\u00dflich deren Betreiber verantwortlich.<\/p>\n<p>&nbsp;<\/p>\n<hr \/>\n<p>&nbsp;<\/p>\n<figure style=\"width: 200px\" class=\"wp-caption alignnone\"><a href=\"https:\/\/litschi.de\" target=\"_blank\" rel=\"noopener\"><img decoding=\"async\" src=\"https:\/\/ilsalotto.eu\/wp\/wp-content\/uploads\/2024\/05\/litschi_fuerth.png\" alt=\"www.Litschi.de\" width=\"200\" height=\"100\" \/><\/a><figcaption class=\"wp-caption-text\">Hosting &amp; Design: Litschi.de &#8211; F\u00fcrth<\/figcaption><\/figure>\n<p>&nbsp;<\/p>\n","protected":false},"excerpt":{"rendered":"<p>Verantwortlich: Il Salotto e.V. c\/o Dr KREUZER &amp; COLL Anwaltskanzlei Lorenzer Platz 3a 90402 N\u00fcrnberg Tel.: 09 11 &#8211; 20 22 0 Fax: 09 11 &#8211; 20 22 101 E-Mail: info@ilsalotto.eu www.ilsalotto.eu Vertretungsberechtigter Vorstand: Dott. Nicoletta De Rossi \u25cf RA Dr. G\u00fcnther Kreuzer \u25cf\u00a0 Maurizio Mancini (Vorst\u00e4nde i.S.d. BGB) Registergericht: Amtsgericht N\u00fcrnberg Registernummer: VR 200133 [&hellip;]<\/p>\n","protected":false},"author":1,"featured_media":0,"parent":0,"menu_order":0,"comment_status":"closed","ping_status":"open","template":"","meta":{"site-sidebar-layout":"default","site-content-layout":"","ast-site-content-layout":"default","site-content-style":"default","site-sidebar-style":"default","ast-global-header-display":"","ast-banner-title-visibility":"","ast-main-header-display":"","ast-hfb-above-header-display":"","ast-hfb-below-header-display":"","ast-hfb-mobile-header-display":"","site-post-title":"","ast-breadcrumbs-content":"","ast-featured-img":"","footer-sml-layout":"","theme-transparent-header-meta":"default","adv-header-id-meta":"","stick-header-meta":"","header-above-stick-meta":"","header-main-stick-meta":"","header-below-stick-meta":"","astra-migrate-meta-layouts":"set","ast-page-background-enabled":"default","ast-page-background-meta":{"desktop":{"background-color":"var(--ast-global-color-4)","background-image":"","background-repeat":"repeat","background-position":"center center","background-size":"auto","background-attachment":"scroll","background-type":"","background-media":"","overlay-type":"","overlay-color":"","overlay-opacity":"","overlay-gradient":""},"tablet":{"background-color":"","background-image":"","background-repeat":"repeat","background-position":"center center","background-size":"auto","background-attachment":"scroll","background-type":"","background-media":"","overlay-type":"","overlay-color":"","overlay-opacity":"","overlay-gradient":""},"mobile":{"background-color":"","background-image":"","background-repeat":"repeat","background-position":"center center","background-size":"auto","background-attachment":"scroll","background-type":"","background-media":"","overlay-type":"","overlay-color":"","overlay-opacity":"","overlay-gradient":""}},"ast-content-background-meta":{"desktop":{"background-color":"var(--ast-global-color-5)","background-image":"","background-repeat":"repeat","background-position":"center center","background-size":"auto","background-attachment":"scroll","background-type":"","background-media":"","overlay-type":"","overlay-color":"","overlay-opacity":"","overlay-gradient":""},"tablet":{"background-color":"var(--ast-global-color-5)","background-image":"","background-repeat":"repeat","background-position":"center center","background-size":"auto","background-attachment":"scroll","background-type":"","background-media":"","overlay-type":"","overlay-color":"","overlay-opacity":"","overlay-gradient":""},"mobile":{"background-color":"var(--ast-global-color-5)","background-image":"","background-repeat":"repeat","background-position":"center center","background-size":"auto","background-attachment":"scroll","background-type":"","background-media":"","overlay-type":"","overlay-color":"","overlay-opacity":"","overlay-gradient":""}},"footnotes":""},"class_list":["post-15","page","type-page","status-publish","hentry"],"_links":{"self":[{"href":"https:\/\/ilsalotto.eu\/wp\/index.php?rest_route=\/wp\/v2\/pages\/15","targetHints":{"allow":["GET"]}}],"collection":[{"href":"https:\/\/ilsalotto.eu\/wp\/index.php?rest_route=\/wp\/v2\/pages"}],"about":[{"href":"https:\/\/ilsalotto.eu\/wp\/index.php?rest_route=\/wp\/v2\/types\/page"}],"author":[{"embeddable":true,"href":"https:\/\/ilsalotto.eu\/wp\/index.php?rest_route=\/wp\/v2\/users\/1"}],"replies":[{"embeddable":true,"href":"https:\/\/ilsalotto.eu\/wp\/index.php?rest_route=%2Fwp%2Fv2%2Fcomments&post=15"}],"version-history":[{"count":8,"href":"https:\/\/ilsalotto.eu\/wp\/index.php?rest_route=\/wp\/v2\/pages\/15\/revisions"}],"predecessor-version":[{"id":1455,"href":"https:\/\/ilsalotto.eu\/wp\/index.php?rest_route=\/wp\/v2\/pages\/15\/revisions\/1455"}],"wp:attachment":[{"href":"https:\/\/ilsalotto.eu\/wp\/index.php?rest_route=%2Fwp%2Fv2%2Fmedia&parent=15"}],"curies":[{"name":"wp","href":"https:\/\/api.w.org\/{rel}","templated":true}]}}