{"id":11,"date":"2013-02-14T09:31:04","date_gmt":"2013-02-14T07:31:04","guid":{"rendered":"http:\/\/ilsalotto.eu\/wp\/?page_id=11"},"modified":"2024-05-09T10:15:09","modified_gmt":"2024-05-09T08:15:09","slug":"presse","status":"publish","type":"page","link":"https:\/\/ilsalotto.eu\/wp\/?page_id=11","title":{"rendered":"Presse"},"content":{"rendered":"\t\t<div data-elementor-type=\"wp-page\" data-elementor-id=\"11\" class=\"elementor elementor-11\">\n\t\t\t\t\t\t<section class=\"elementor-section elementor-top-section elementor-element elementor-element-2df7a4e elementor-section-boxed elementor-section-height-default elementor-section-height-default\" data-id=\"2df7a4e\" data-element_type=\"section\" data-e-type=\"section\">\n\t\t\t\t\t\t<div class=\"elementor-container elementor-column-gap-default\">\n\t\t\t\t\t<div class=\"elementor-column elementor-col-100 elementor-top-column elementor-element elementor-element-543f0d60\" data-id=\"543f0d60\" data-element_type=\"column\" data-e-type=\"column\">\n\t\t\t<div class=\"elementor-widget-wrap elementor-element-populated\">\n\t\t\t\t\t\t<div class=\"elementor-element elementor-element-17aa8a10 elementor-widget elementor-widget-text-editor\" data-id=\"17aa8a10\" data-element_type=\"widget\" data-e-type=\"widget\" data-widget_type=\"text-editor.default\">\n\t\t\t\t<div class=\"elementor-widget-container\">\n\t\t\t\t\t\t\t\t\t<a href=\"http:\/\/ilsalotto.eu\/wp\/wp-content\/uploads\/2018\/03\/magazine.jpg\" rel=\u201clytebox\u201c><img decoding=\"async\" src=\"http:\/\/ilsalotto.eu\/wp\/wp-content\/uploads\/2018\/03\/euro.jpg\" alt=\"\" width=\"220\" class=\"alignleft\" \/>Eine erquickende Lesung in N\u00fcrnberger Vinothek<br>23.03.2018<\/a>\r\n<br>&nbsp;\r\n<hr \/>\r\n\r\n<a href=\"http:\/\/ilsalotto.eu\/wp\/wp-content\/uploads\/2017\/02\/Comunicato-Stampa-Salotello-Sicilia.pdf\" target=\"_blank\"><img fetchpriority=\"high\" decoding=\"async\" class=\"alignleft wp-image-709 size-full\" src=\"http:\/\/ilsalotto.eu\/wp\/wp-content\/uploads\/2013\/02\/orlando.jpg\" width=\"933\" height=\"191\" srcset=\"https:\/\/ilsalotto.eu\/wp\/wp-content\/uploads\/2013\/02\/orlando.jpg 933w, https:\/\/ilsalotto.eu\/wp\/wp-content\/uploads\/2013\/02\/orlando-300x61.jpg 300w, https:\/\/ilsalotto.eu\/wp\/wp-content\/uploads\/2013\/02\/orlando-768x157.jpg 768w, https:\/\/ilsalotto.eu\/wp\/wp-content\/uploads\/2013\/02\/orlando-624x128.jpg 624w\" sizes=\"(max-width: 933px) 100vw, 933px\" \/><\/a>\r\n<br>&nbsp;\r\n<hr \/>\r\n\r\n<strong>\u201eBella Italia\u201c sagt alles!<\/strong>\r\n<a href=\"http:\/\/ilsalotto.eu\/wp\/wp-content\/uploads\/2013\/02\/Bella-Italia-sagt-alles.pdf\" target=\"_BLANK\"><img decoding=\"async\" class=\"alignleft size-full wp-image-660\" src=\"http:\/\/ilsalotto.eu\/wp\/wp-content\/uploads\/2013\/02\/2016-07-29_091303.jpg\" alt=\"\u201eBella Italia\u201c sagt alles!\" width=\"709\" height=\"166\" srcset=\"https:\/\/ilsalotto.eu\/wp\/wp-content\/uploads\/2013\/02\/2016-07-29_091303.jpg 709w, https:\/\/ilsalotto.eu\/wp\/wp-content\/uploads\/2013\/02\/2016-07-29_091303-300x70.jpg 300w, https:\/\/ilsalotto.eu\/wp\/wp-content\/uploads\/2013\/02\/2016-07-29_091303-624x146.jpg 624w\" sizes=\"(max-width: 709px) 100vw, 709px\" \/><\/a>\r\n13.07.2016 &#8211; Quelle: <a href=\"http:\/\/www.sonoitalia.de\/2016\/07\/13\/bella-italia-sagt-alles\/\" target=\"_blank\">sonoitalia.de<\/a>\r\n\r\n<hr \/>\r\n\r\n<strong><a href=\"http:\/\/ilsalotto.eu\/wp\/?p=533\"><img decoding=\"async\" class=\"alignleft size-full wp-image-536\" src=\"http:\/\/ilsalotto.eu\/wp\/wp-content\/uploads\/2016\/04\/roma.jpg\" alt=\"roma\" width=\"640\" height=\"398\" srcset=\"https:\/\/ilsalotto.eu\/wp\/wp-content\/uploads\/2016\/04\/roma.jpg 640w, https:\/\/ilsalotto.eu\/wp\/wp-content\/uploads\/2016\/04\/roma-300x187.jpg 300w, https:\/\/ilsalotto.eu\/wp\/wp-content\/uploads\/2016\/04\/roma-624x388.jpg 624w\" sizes=\"(max-width: 640px) 100vw, 640px\" \/><\/a><\/strong>\r\n\r\n<hr \/>\r\n\r\n&#8222;Bella Italia an der Pegnitz&#8220;\r\n<small>Honorarkonsulat in N\u00fcrnberg wurde er\u00f6ffnet<\/small>\r\n<a href=\"http:\/\/ilsalotto.eu\/wp\/wp-content\/uploads\/2015\/03\/bella_italia.jpg\" rel=\"lytebox\"><img decoding=\"async\" src=\"http:\/\/ilsalotto.eu\/wp\/wp-content\/uploads\/2015\/03\/bella_italia.jpg\" alt=\"\" width=\"680\" \/>\r\nArtikel lesen<\/a>\r\n\r\n<hr \/>\r\n\r\n<strong>&#8222;Januar 2015 G\u00fcnther Kreuzer wird zum Honorarkonsul benannt&#8220;<\/strong>\r\n<small>Neues Honorarkonsulat in N\u00fcrnberg<\/small>\r\n<a href=\"http:\/\/ilsalotto.eu\/wp\/wp-content\/uploads\/2013\/02\/konsul.jpg\" rel=\"lytebox\"><img decoding=\"async\" src=\"http:\/\/ilsalotto.eu\/wp\/wp-content\/uploads\/2013\/02\/konsul.jpg\" alt=\"\" width=\"680\" \/>\r\nArtikel lesen<\/a>\r\n\r\n<hr \/>\r\n\r\n<strong>&#8222;Email der Honorarkonsulin Caterina Calia anl\u00e4sslich der Biofachmesse N\u00fcrnberg 2014&#8220;<\/strong>\r\n<small>Biofachmesse 2014 in N\u00fcrnberg<\/small>\r\n<a href=\"http:\/\/ilsalotto.eu\/wp\/wp-content\/uploads\/2013\/02\/Dankbrief-Il-Salotto-e.V..pdf\" target=\"_blank\">Artikel lesen<\/a>\r\n\r\n<hr \/>\r\n\r\n<strong>&#8222;Salotello-Toscana&#8220; in der Anwaltskanzlei&#8220;<\/strong>\r\n<small>Marlen News &#8211; 12\/13-01\/14<\/small>\r\n<a href=\"http:\/\/ilsalotto.eu\/wp\/wp-content\/uploads\/2013\/02\/marlen.jpg\" target=\"_blank\">Artikel lesen<\/a>\r\n\r\n<hr \/>\r\n\r\n<strong>Con il vino conquistano la Germania&#8220;<\/strong>\r\n<small>LA NAZIONE Domenca 2 Novembre 2013<\/small>\r\n<a href=\"http:\/\/ilsalotto.eu\/wp\/wp-content\/uploads\/2013\/10\/vino-in-Germania.jpg\" target=\"_blank\">Artikel lesen<\/a>\r\n\r\n<hr \/>\r\n\r\n<strong>&#8222;Verliebt in die Stiefelspitze&#8220;<\/strong>\r\n<small>Mehr N\u00fcrnberg 15.05.2013<\/small><a href=\"http:\/\/ilsalotto.eu\/wp\/wp-content\/uploads\/2013\/05\/Artikel-Mehr-N\u00fcrnberg-17.-Mai-2013.jpg\" target=\"_blank\">\r\nArtikel lesen<\/a>\r\n\r\n<hr \/>\r\n\r\n<strong>&#8222;Salottino Corso Di Cucina&#8220;<\/strong>\r\n<small>Marlen News 05.2013<\/small><a href=\"http:\/\/ilsalotto.eu\/wp\/wp-content\/uploads\/2013\/05\/Marlen-News-Mai-2013.jpg\" target=\"_blank\">\r\nArtikel lesen<\/a>\r\n\r\n<hr \/>\r\n\r\n<strong>&#8222;Il Salotto&#8220; &#8211; Zusammentreffen zweier Kulturen&#8220;<\/strong>\r\n<small>High Lights Magazin 2006<\/small><a href=\"http:\/\/www.highlights-magazin.de\/index.php?id=73,1211,0,0,1,0\" target=\"_blank\">\r\nArtikel lesen<\/a>\r\n\r\n<hr \/>\r\n\r\n<strong>&#8222;Was Italiener bewegt&#8220;<\/strong>\r\n<small>N\u00fcrnberger Zeitung 26.09.2009<\/small>\r\n<a href=\"http:\/\/www.kreuzer.de\/media\/pressespiegel\/Pressespiegel_NZonline260909.pdf\" target=\"_blank\">Artikel lesen<img decoding=\"async\" src=\"http:\/\/ilsalotto.eu\/wp\/wp-content\/uploads\/2013\/02\/pdf_icon_klein.gif\" alt=\"\" \/><\/a>\r\n\r\n<hr \/>\r\n\r\n<strong>&#8222;Il Salotto auf der Lebenslust&#8220;<\/strong>\r\n<small>Feine Adressen IV\/2008<\/small>\r\n<a href=\"http:\/\/www.kreuzer.de\/media\/pressespiegel\/Pressespiegel_feineadressen4-2008.pdf\" target=\"_blank\">Artikel lesen<img decoding=\"async\" src=\"http:\/\/ilsalotto.eu\/wp\/wp-content\/uploads\/2013\/02\/pdf_icon_klein.gif\" alt=\"\" \/><\/a>\r\n\r\n<hr \/>\r\n\r\n<strong>Il Salotto e.V. zu Gast bei Mercedes-Benz <\/strong><small>\r\nMarlen\u00a0News 2008<\/small>\r\n<a href=\"http:\/\/www.kreuzer.de\/media\/pressespiegel\/Pressespiegel_MarlenNEWS1108.pdf\" target=\"_blank\">Artikel lesen<img decoding=\"async\" src=\"http:\/\/ilsalotto.eu\/wp\/wp-content\/uploads\/2013\/02\/pdf_icon_klein.gif\" alt=\"\" \/><\/a>\r\n\r\n<hr \/>\r\n\r\n<strong>Der Italiener und das Auto<\/strong><small>\r\nN\u00fcrnberger Zeitung 13.10.2008<\/small>\r\n<a href=\"http:\/\/www.kreuzer.de\/media\/pressespiegel\/Pressespiegel_NZ131008.pdf\">Artikel lesen<img decoding=\"async\" src=\"http:\/\/ilsalotto.eu\/wp\/wp-content\/uploads\/2013\/02\/pdf_icon_klein.gif\" alt=\"\" \/><\/a>\r\n\r\n<hr \/>\r\n\r\n<strong>500 EURO\u00a0F\u00dcR\u00a0DIE\u00a0SPIELKISTE<\/strong><small>\r\nFranken Power 2008<\/small>\r\n<a href=\"http:\/\/www.kreuzer.de\/media\/pressespiegel\/Pressespiegel_FrankenPower01-0208II.pdf\">Artikel lesen<img decoding=\"async\" src=\"http:\/\/ilsalotto.eu\/wp\/wp-content\/uploads\/2013\/02\/pdf_icon_klein.gif\" alt=\"\" \/><\/a>\t\t\t\t\t\t\t\t<\/div>\n\t\t\t\t<\/div>\n\t\t\t\t\t<\/div>\n\t\t<\/div>\n\t\t\t\t\t<\/div>\n\t\t<\/section>\n\t\t\t\t<\/div>\n\t\t","protected":false},"excerpt":{"rendered":"<p>Eine erquickende Lesung in N\u00fcrnberger Vinothek23.03.2018 &nbsp; &nbsp; \u201eBella Italia\u201c sagt alles! 13.07.2016 &#8211; Quelle: sonoitalia.de &#8222;Bella Italia an der Pegnitz&#8220; Honorarkonsulat in N\u00fcrnberg wurde er\u00f6ffnet Artikel lesen &#8222;Januar 2015 G\u00fcnther Kreuzer wird zum Honorarkonsul benannt&#8220; Neues Honorarkonsulat in N\u00fcrnberg Artikel lesen &#8222;Email der Honorarkonsulin Caterina Calia anl\u00e4sslich der Biofachmesse N\u00fcrnberg 2014&#8220; Biofachmesse 2014 in [&hellip;]<\/p>\n","protected":false},"author":1,"featured_media":0,"parent":0,"menu_order":0,"comment_status":"closed","ping_status":"open","template":"","meta":{"site-sidebar-layout":"default","site-content-layout":"","ast-site-content-layout":"","site-content-style":"default","site-sidebar-style":"default","ast-global-header-display":"","ast-banner-title-visibility":"","ast-main-header-display":"","ast-hfb-above-header-display":"","ast-hfb-below-header-display":"","ast-hfb-mobile-header-display":"","site-post-title":"","ast-breadcrumbs-content":"","ast-featured-img":"","footer-sml-layout":"","theme-transparent-header-meta":"","adv-header-id-meta":"","stick-header-meta":"","header-above-stick-meta":"","header-main-stick-meta":"","header-below-stick-meta":"","astra-migrate-meta-layouts":"default","ast-page-background-enabled":"default","ast-page-background-meta":{"desktop":{"background-color":"var(--ast-global-color-4)","background-image":"","background-repeat":"repeat","background-position":"center center","background-size":"auto","background-attachment":"scroll","background-type":"","background-media":"","overlay-type":"","overlay-color":"","overlay-opacity":"","overlay-gradient":""},"tablet":{"background-color":"","background-image":"","background-repeat":"repeat","background-position":"center center","background-size":"auto","background-attachment":"scroll","background-type":"","background-media":"","overlay-type":"","overlay-color":"","overlay-opacity":"","overlay-gradient":""},"mobile":{"background-color":"","background-image":"","background-repeat":"repeat","background-position":"center center","background-size":"auto","background-attachment":"scroll","background-type":"","background-media":"","overlay-type":"","overlay-color":"","overlay-opacity":"","overlay-gradient":""}},"ast-content-background-meta":{"desktop":{"background-color":"var(--ast-global-color-5)","background-image":"","background-repeat":"repeat","background-position":"center center","background-size":"auto","background-attachment":"scroll","background-type":"","background-media":"","overlay-type":"","overlay-color":"","overlay-opacity":"","overlay-gradient":""},"tablet":{"background-color":"var(--ast-global-color-5)","background-image":"","background-repeat":"repeat","background-position":"center center","background-size":"auto","background-attachment":"scroll","background-type":"","background-media":"","overlay-type":"","overlay-color":"","overlay-opacity":"","overlay-gradient":""},"mobile":{"background-color":"var(--ast-global-color-5)","background-image":"","background-repeat":"repeat","background-position":"center center","background-size":"auto","background-attachment":"scroll","background-type":"","background-media":"","overlay-type":"","overlay-color":"","overlay-opacity":"","overlay-gradient":""}},"footnotes":""},"class_list":["post-11","page","type-page","status-publish","hentry"],"_links":{"self":[{"href":"https:\/\/ilsalotto.eu\/wp\/index.php?rest_route=\/wp\/v2\/pages\/11","targetHints":{"allow":["GET"]}}],"collection":[{"href":"https:\/\/ilsalotto.eu\/wp\/index.php?rest_route=\/wp\/v2\/pages"}],"about":[{"href":"https:\/\/ilsalotto.eu\/wp\/index.php?rest_route=\/wp\/v2\/types\/page"}],"author":[{"embeddable":true,"href":"https:\/\/ilsalotto.eu\/wp\/index.php?rest_route=\/wp\/v2\/users\/1"}],"replies":[{"embeddable":true,"href":"https:\/\/ilsalotto.eu\/wp\/index.php?rest_route=%2Fwp%2Fv2%2Fcomments&post=11"}],"version-history":[{"count":22,"href":"https:\/\/ilsalotto.eu\/wp\/index.php?rest_route=\/wp\/v2\/pages\/11\/revisions"}],"predecessor-version":[{"id":1360,"href":"https:\/\/ilsalotto.eu\/wp\/index.php?rest_route=\/wp\/v2\/pages\/11\/revisions\/1360"}],"wp:attachment":[{"href":"https:\/\/ilsalotto.eu\/wp\/index.php?rest_route=%2Fwp%2Fv2%2Fmedia&parent=11"}],"curies":[{"name":"wp","href":"https:\/\/api.w.org\/{rel}","templated":true}]}}